{"id":69,"date":"2025-10-25T08:34:37","date_gmt":"2025-10-25T08:34:37","guid":{"rendered":"https:\/\/ramex.hu\/?page_id=69"},"modified":"2025-10-25T20:00:52","modified_gmt":"2025-10-25T20:00:52","slug":"it-megoldasok","status":"publish","type":"page","link":"https:\/\/ramex.hu\/index.php\/it-megoldasok\/","title":{"rendered":"IT Megold\u00e1sok"},"content":{"rendered":"\n<div class=\"wp-block-group alignfull has-global-padding is-layout-constrained wp-container-core-group-is-layout-490fa1db wp-block-group-is-layout-constrained\" style=\"padding-top:var(--wp--preset--spacing--50);padding-right:var(--wp--preset--spacing--50);padding-bottom:var(--wp--preset--spacing--50);padding-left:var(--wp--preset--spacing--50)\">\n<div class=\"wp-block-group has-global-padding is-layout-constrained wp-container-core-group-is-layout-347cc5c2 wp-block-group-is-layout-constrained\">\n<h1 class=\"wp-block-heading has-text-align-center has-x-large-font-size\">Az Ethernet alap\u00fa h\u00e1l\u00f3zatok szakszer\u0171 \u00fczemeltet\u00e9se kulcsfontoss\u00e1g\u00fa a hat\u00e9kony, biztons\u00e1gos \u00e9s z\u00f6kken\u0151mentes informatikai m\u0171k\u00f6d\u00e9s fenntart\u00e1s\u00e1hoz.<br><br><\/h1>\n\n\n\n<div class=\"wp-block-group has-global-padding is-content-justification-left is-layout-constrained wp-container-core-group-is-layout-9fe8ed88 wp-block-group-is-layout-constrained\">\n<p class=\"wp-container-content-0733e5d0\"><strong>Megb\u00edzhat\u00f3s\u00e1g:<\/strong> Az Ethernet h\u00e1l\u00f3zatok folyamatos m\u0171k\u00f6d\u00e9se alapvet\u0151 a szerverek, munka\u00e1llom\u00e1sok \u00e9s h\u00e1l\u00f3zati eszk\u00f6z\u00f6k k\u00f6z\u00f6tti adat\u00e1raml\u00e1shoz.<\/p>\n\n\n\n<p><strong>Teljes\u00edtm\u00e9ny:<\/strong> A megfelel\u0151 \u00fczemeltet\u00e9s \u00e9s karbantart\u00e1s (pl. k\u00e1belez\u00e9s, switch konfigur\u00e1ci\u00f3, hibakeres\u00e9s) biztos\u00edtja az optim\u00e1lis sebess\u00e9get \u00e9s s\u00e1vsz\u00e9less\u00e9get.<\/p>\n\n\n\n<p><strong>Biztons\u00e1g:<\/strong> A j\u00f3l kezelt h\u00e1l\u00f3zatban k\u00f6nnyebb az adatforgalom fel\u00fcgyelete, a jogosults\u00e1gok kezel\u00e9se \u00e9s a behatol\u00e1sok megel\u0151z\u00e9se.<\/p>\n\n\n\n<p><strong>\u00dczletmenet-folytonoss\u00e1g:<\/strong> Egy hib\u00e1s vagy nem karbantartott h\u00e1l\u00f3zat le\u00e1ll\u00e1st okozhat, ami komoly anyagi k\u00e1rral j\u00e1rhat.<\/p>\n\n\n\n<p class=\"wp-container-content-0733e5d0\"><strong>Sk\u00e1l\u00e1zhat\u00f3s\u00e1g:<\/strong> Az \u00fczemeltet\u00e9s sor\u00e1n figyelembe vett tervez\u00e9si \u00e9s b\u0151v\u00edt\u00e9si szempontok lehet\u0151v\u00e9 teszik a h\u00e1l\u00f3zat j\u00f6v\u0151beni fejleszt\u00e9s\u00e9t.<\/p>\n<\/div>\n\n\n\n<p class=\"has-text-align-center\"><\/p>\n\n\n\n<div style=\"height:1.25rem\" aria-hidden=\"true\" class=\"wp-block-spacer\"><\/div>\n<\/div>\n\n\n\n<div style=\"height:var(--wp--preset--spacing--30)\" aria-hidden=\"true\" class=\"wp-block-spacer\"><\/div>\n\n\n\n<figure class=\"wp-block-image alignwide size-full is-style-rounded is-style-rounded--1\"><img loading=\"lazy\" decoding=\"async\" width=\"2560\" height=\"1920\" src=\"https:\/\/ramex.hu\/wp-content\/uploads\/2025\/10\/IMG_4568-scaled.jpeg\" alt=\"\" class=\"wp-image-63\" srcset=\"https:\/\/ramex.hu\/wp-content\/uploads\/2025\/10\/IMG_4568-scaled.jpeg 2560w, https:\/\/ramex.hu\/wp-content\/uploads\/2025\/10\/IMG_4568-300x225.jpeg 300w, https:\/\/ramex.hu\/wp-content\/uploads\/2025\/10\/IMG_4568-1024x768.jpeg 1024w, https:\/\/ramex.hu\/wp-content\/uploads\/2025\/10\/IMG_4568-768x576.jpeg 768w, https:\/\/ramex.hu\/wp-content\/uploads\/2025\/10\/IMG_4568-1536x1152.jpeg 1536w, https:\/\/ramex.hu\/wp-content\/uploads\/2025\/10\/IMG_4568-2048x1536.jpeg 2048w\" sizes=\"auto, (max-width: 2560px) 100vw, 2560px\" \/><\/figure>\n<\/div>\n\n\n\n<div class=\"wp-block-group alignfull has-global-padding is-layout-constrained wp-container-core-group-is-layout-d89aad35 wp-block-group-is-layout-constrained\" style=\"margin-top:0;margin-bottom:0;padding-top:var(--wp--preset--spacing--50);padding-right:var(--wp--preset--spacing--50);padding-bottom:var(--wp--preset--spacing--50);padding-left:var(--wp--preset--spacing--50)\">\n<div class=\"wp-block-group alignwide has-global-padding is-layout-constrained wp-container-core-group-is-layout-19e250f3 wp-block-group-is-layout-constrained\">\n<div class=\"wp-block-group is-vertical is-content-justification-center is-layout-flex wp-container-core-group-is-layout-6329a8f3 wp-block-group-is-layout-flex\">\n<h2 class=\"wp-block-heading has-text-align-center is-style-asterisk\">Egyedi software fejleszt\u00e9s<\/h2>\n\n\n\n<p class=\"has-text-align-center\"><\/p>\n<\/div>\n\n\n\n<div style=\"height:var(--wp--preset--spacing--40)\" aria-hidden=\"true\" class=\"wp-block-spacer\"><\/div>\n\n\n\n<div class=\"wp-block-columns alignwide is-layout-flex wp-container-core-columns-is-layout-d1c656ed wp-block-columns-is-layout-flex\">\n<div class=\"wp-block-column is-layout-flow wp-block-column-is-layout-flow\" style=\"flex-basis:50%\">\n<figure class=\"wp-block-image size-full is-style-rounded is-style-rounded--2\"><img loading=\"lazy\" decoding=\"async\" width=\"702\" height=\"487\" src=\"https:\/\/ramex.hu\/wp-content\/uploads\/2025\/10\/iptv.png\" alt=\"\" class=\"wp-image-70\" srcset=\"https:\/\/ramex.hu\/wp-content\/uploads\/2025\/10\/iptv.png 702w, https:\/\/ramex.hu\/wp-content\/uploads\/2025\/10\/iptv-300x208.png 300w\" sizes=\"auto, (max-width: 702px) 100vw, 702px\" \/><\/figure>\n<\/div>\n\n\n\n<div class=\"wp-block-column is-vertically-aligned-center is-layout-flow wp-block-column-is-layout-flow\" style=\"flex-basis:40%\">\n<h3 class=\"wp-block-heading is-style-asterisk\">IPTV Rendszerek, Hotel rendszerek<\/h3>\n\n\n\n<p>Az <strong>IdeaBox <\/strong>Middleware rendszer fejleszt\u00e9s\u00e9n\u00e9l egy olyan komplex megold\u00e1s kialak\u00edt\u00e1sa volt a c\u00e9l, melyben a szolg\u00e1ltat\u00e1sok k\u00f6re rendk\u00edv\u00fcl rugalmasan alak\u00edthat\u00f3 \u00e9s a leg k\u00fcl\u00f6nf\u00e9l\u00e9bb adatforr\u00e1sok integr\u00e1ci\u00f3ja r\u00f6v\u00edd\u00faton megval\u00f3s\u00edthat\u00f3.<\/p>\n\n\n\n<p>A <strong>RoomBox <\/strong>kifejezetten sz\u00e1llod\u00e1knak \u00e9s z\u00e1rtl\u00e1nc\u00fa telev\u00edzi\u00f3 h\u00e1ll\u00f3zattal ell\u00e1tott int\u00e9zm\u00e9nyek sz\u00e1m\u00e1ra k\u00e9sz\u00fclt. Alapjai megengyeznek az IdeaBox Middleware rendszer\u00e9vel, azonban a b\u0151v\u00edtm\u00e9nyek \u00e9s a megval\u00f3s\u00edtand\u00f3 funkci\u00f3k tekintet\u00e9ben eg\u00e9szen m\u00e1s ker\u00fcl az el\u0151t\u00e9rbe.<\/p>\n<\/div>\n<\/div>\n\n\n\n<div style=\"height:var(--wp--preset--spacing--40)\" aria-hidden=\"true\" class=\"wp-block-spacer\"><\/div>\n\n\n\n<div class=\"wp-block-columns alignwide is-layout-flex wp-container-core-columns-is-layout-d1c656ed wp-block-columns-is-layout-flex\">\n<div class=\"wp-block-column is-vertically-aligned-center is-layout-flow wp-block-column-is-layout-flow\" style=\"flex-basis:40%\">\n<h3 class=\"wp-block-heading is-style-asterisk\">\u00c9p\u00fclet automatika, SmartHome<\/h3>\n\n\n\n<p>Az <strong>RPlus <\/strong>okosotthon vez\u00e9rl\u0151 rendszer c\u00e9lja az, hogy automatiz\u00e1lja \u00e9s optimaliz\u00e1lja az energiafelhaszn\u00e1l\u00e1st, a k\u00e9nyelmet, a biztons\u00e1got \u00e9s a karbantart\u00e1st \u2014 legyen sz\u00f3 lakoss\u00e1gi h\u00e1zr\u00f3l, irod\u00e1r\u00f3l vagy ipari l\u00e9tes\u00edtm\u00e9nyr\u0151l. A mini-modul\u00e1ris fel\u00e9p\u00edt\u00e9s lehet\u0151s\u00e9g\u00e9nek k\u00f6sz\u00f6nhet\u0151en tervez\u00e9skor fel nem k\u00e9sz\u00edtett l\u00e9tes\u00edtm\u00e9nyekben is egyszer\u0171en telep\u00edthet\u0151<\/p>\n\n\n\n<p><strong>Ipari c\u00e9l:<\/strong> \u00e9p\u00fcletfel\u00fcgyelet (BMS \u2013 Building Management System), energia- \u00e9s g\u00e9pmonitoroz\u00e1s, IoT-alap\u00fa karbantart\u00e1s, hozz\u00e1f\u00e9r\u00e9s-kezel\u00e9s stb.<\/p>\n\n\n\n<p><strong>Lakoss\u00e1gi c\u00e9l:<\/strong> komfort, energiahat\u00e9konys\u00e1g, biztons\u00e1g (vil\u00e1g\u00edt\u00e1s, f\u0171t\u00e9s, red\u0151ny, biztons\u00e1gi rendszer stb.)<\/p>\n\n\n\n<ul style=\"line-height:1.75\" class=\"wp-block-list is-style-checkmark-list\">\n<li>ESP8266, ESP32 IC alap\u00fa hardware elemek<\/li>\n\n\n\n<li>T\u00f6bb t\u00edpus\u00fa szenzor t\u00e1mogat\u00e1s: h\u0151m\u00e9rs\u00e9klet, p\u00e1ratartalom, v\u00edz-, sz\u00e9n-monoxid \u00e9rz\u00e9kel\u00e9s<\/li>\n\n\n\n<li>\u00c9l\u0151 kamera k\u00e9p megjelen\u00edt\u00e9s<\/li>\n\n\n\n<li>Saj\u00e1t fejleszt\u00e9s\u0171, vagy k\u00fcls\u0151 (Apple HomeKit) kliens<\/li>\n<\/ul>\n<\/div>\n\n\n\n<div class=\"wp-block-column is-layout-flow wp-block-column-is-layout-flow\" style=\"flex-basis:50%\">\n<figure class=\"wp-block-image size-large is-style-rounded is-style-rounded--3\"><img loading=\"lazy\" decoding=\"async\" width=\"683\" height=\"1024\" src=\"https:\/\/ramex.hu\/wp-content\/uploads\/2025\/10\/RPlusz-1-683x1024.jpg\" alt=\"\" class=\"wp-image-101\" srcset=\"https:\/\/ramex.hu\/wp-content\/uploads\/2025\/10\/RPlusz-1-683x1024.jpg 683w, https:\/\/ramex.hu\/wp-content\/uploads\/2025\/10\/RPlusz-1-200x300.jpg 200w, https:\/\/ramex.hu\/wp-content\/uploads\/2025\/10\/RPlusz-1-768x1152.jpg 768w, https:\/\/ramex.hu\/wp-content\/uploads\/2025\/10\/RPlusz-1-1024x1536.jpg 1024w, https:\/\/ramex.hu\/wp-content\/uploads\/2025\/10\/RPlusz-1.jpg 1365w\" sizes=\"auto, (max-width: 683px) 100vw, 683px\" \/><\/figure>\n<\/div>\n<\/div>\n<\/div>\n\n\n\n<div class=\"wp-block-group alignwide has-global-padding is-layout-constrained wp-container-core-group-is-layout-19e250f3 wp-block-group-is-layout-constrained\"><\/div>\n<\/div>\n\n\n\n<div class=\"wp-block-group alignfull has-global-padding is-layout-constrained wp-container-core-group-is-layout-d89aad35 wp-block-group-is-layout-constrained\" style=\"margin-top:0;margin-bottom:0;padding-top:var(--wp--preset--spacing--50);padding-right:var(--wp--preset--spacing--50);padding-bottom:var(--wp--preset--spacing--50);padding-left:var(--wp--preset--spacing--50)\"><\/div>\n\n\n\n<p><\/p>\n","protected":false},"excerpt":{"rendered":"<p>Az Ethernet alap\u00fa h\u00e1l\u00f3zatok szakszer\u0171 \u00fczemeltet\u00e9se kulcsfontoss\u00e1g\u00fa a hat\u00e9kony, biztons\u00e1gos \u00e9s z\u00f6kken\u0151mentes informatikai m\u0171k\u00f6d\u00e9s fenntart\u00e1s\u00e1hoz. Megb\u00edzhat\u00f3s\u00e1g: Az Ethernet h\u00e1l\u00f3zatok folyamatos m\u0171k\u00f6d\u00e9se alapvet\u0151 a szerverek, munka\u00e1llom\u00e1sok \u00e9s h\u00e1l\u00f3zati eszk\u00f6z\u00f6k k\u00f6z\u00f6tti adat\u00e1raml\u00e1shoz. Teljes\u00edtm\u00e9ny: A megfelel\u0151 \u00fczemeltet\u00e9s \u00e9s karbantart\u00e1s (pl. k\u00e1belez\u00e9s, switch konfigur\u00e1ci\u00f3, hibakeres\u00e9s) biztos\u00edtja az optim\u00e1lis sebess\u00e9get \u00e9s s\u00e1vsz\u00e9less\u00e9get. Biztons\u00e1g: A j\u00f3l kezelt h\u00e1l\u00f3zatban k\u00f6nnyebb az adatforgalom [&hellip;]<\/p>\n","protected":false},"author":1,"featured_media":0,"parent":0,"menu_order":0,"comment_status":"closed","ping_status":"closed","template":"","meta":{"footnotes":""},"class_list":["post-69","page","type-page","status-publish","hentry"],"_links":{"self":[{"href":"https:\/\/ramex.hu\/index.php\/wp-json\/wp\/v2\/pages\/69","targetHints":{"allow":["GET"]}}],"collection":[{"href":"https:\/\/ramex.hu\/index.php\/wp-json\/wp\/v2\/pages"}],"about":[{"href":"https:\/\/ramex.hu\/index.php\/wp-json\/wp\/v2\/types\/page"}],"author":[{"embeddable":true,"href":"https:\/\/ramex.hu\/index.php\/wp-json\/wp\/v2\/users\/1"}],"replies":[{"embeddable":true,"href":"https:\/\/ramex.hu\/index.php\/wp-json\/wp\/v2\/comments?post=69"}],"version-history":[{"count":9,"href":"https:\/\/ramex.hu\/index.php\/wp-json\/wp\/v2\/pages\/69\/revisions"}],"predecessor-version":[{"id":254,"href":"https:\/\/ramex.hu\/index.php\/wp-json\/wp\/v2\/pages\/69\/revisions\/254"}],"wp:attachment":[{"href":"https:\/\/ramex.hu\/index.php\/wp-json\/wp\/v2\/media?parent=69"}],"curies":[{"name":"wp","href":"https:\/\/api.w.org\/{rel}","templated":true}]}}