{"id":26,"date":"2025-10-09T08:55:32","date_gmt":"2025-10-09T08:55:32","guid":{"rendered":"https:\/\/ramex.hu\/?page_id=26"},"modified":"2025-10-25T14:12:07","modified_gmt":"2025-10-25T14:12:07","slug":"referenciak","status":"publish","type":"page","link":"https:\/\/ramex.hu\/index.php\/referenciak\/","title":{"rendered":"Referenci\u00e1k"},"content":{"rendered":"\n<div class=\"wp-block-group is-nowrap is-layout-flex wp-container-core-group-is-layout-6c531013 wp-block-group-is-layout-flex\">\n<figure class=\"wp-block-image size-full is-resized\"><img loading=\"lazy\" decoding=\"async\" width=\"290\" height=\"174\" src=\"https:\/\/ramex.hu\/wp-content\/uploads\/2025\/10\/abacus_medicine.png\" alt=\"\" class=\"wp-image-76\" style=\"object-fit:contain;width:100px;height:50px\"\/><\/figure>\n\n\n\n<p>Abacus Medicine Hungary<\/p>\n<\/div>\n\n\n\n<div class=\"wp-block-group is-nowrap is-layout-flex wp-container-core-group-is-layout-6c531013 wp-block-group-is-layout-flex\">\n<figure class=\"wp-block-image size-full is-resized\"><img loading=\"lazy\" decoding=\"async\" width=\"225\" height=\"225\" src=\"https:\/\/ramex.hu\/wp-content\/uploads\/2025\/10\/ambrozia_hotel.png\" alt=\"\" class=\"wp-image-77\" style=\"object-fit:contain;width:100px;height:50px\" srcset=\"https:\/\/ramex.hu\/wp-content\/uploads\/2025\/10\/ambrozia_hotel.png 225w, https:\/\/ramex.hu\/wp-content\/uploads\/2025\/10\/ambrozia_hotel-150x150.png 150w\" sizes=\"auto, (max-width: 225px) 100vw, 225px\" \/><\/figure>\n\n\n\n<p>Ambr\u00f3zia Hotel<\/p>\n<\/div>\n\n\n\n<div class=\"wp-block-group is-nowrap is-layout-flex wp-container-core-group-is-layout-6c531013 wp-block-group-is-layout-flex\">\n<figure class=\"wp-block-image size-full is-resized\"><img loading=\"lazy\" decoding=\"async\" width=\"200\" height=\"200\" src=\"https:\/\/ramex.hu\/wp-content\/uploads\/2025\/10\/auchan.png\" alt=\"\" class=\"wp-image-78\" style=\"object-fit:contain;width:100px;height:50px\" srcset=\"https:\/\/ramex.hu\/wp-content\/uploads\/2025\/10\/auchan.png 200w, https:\/\/ramex.hu\/wp-content\/uploads\/2025\/10\/auchan-150x150.png 150w\" sizes=\"auto, (max-width: 200px) 100vw, 200px\" \/><\/figure>\n\n\n\n<p>Auchan Magyarorsz\u00e1g<\/p>\n<\/div>\n\n\n\n<div class=\"wp-block-group is-nowrap is-layout-flex wp-container-core-group-is-layout-6c531013 wp-block-group-is-layout-flex\">\n<figure class=\"wp-block-image size-full is-resized\"><img loading=\"lazy\" decoding=\"async\" width=\"300\" height=\"115\" src=\"https:\/\/ramex.hu\/wp-content\/uploads\/2025\/10\/aurum_hotel.png\" alt=\"\" class=\"wp-image-79\" style=\"object-fit:contain;width:100px;height:50px\"\/><\/figure>\n\n\n\n<p>Hotel Aurum<\/p>\n<\/div>\n\n\n\n<div class=\"wp-block-group is-nowrap is-layout-flex wp-container-core-group-is-layout-6c531013 wp-block-group-is-layout-flex\">\n<figure class=\"wp-block-image size-full is-resized\"><img loading=\"lazy\" decoding=\"async\" width=\"300\" height=\"168\" src=\"https:\/\/ramex.hu\/wp-content\/uploads\/2025\/10\/bergmann.png\" alt=\"\" class=\"wp-image-80\" style=\"object-fit:contain;width:100px;height:50px\"\/><\/figure>\n\n\n\n<p>Bergmann K\u00f6nyvel\u0151 Iroda<\/p>\n<\/div>\n\n\n\n<div class=\"wp-block-group is-nowrap is-layout-flex wp-container-core-group-is-layout-6c531013 wp-block-group-is-layout-flex\">\n<figure class=\"wp-block-image size-full is-resized\"><img loading=\"lazy\" decoding=\"async\" width=\"313\" height=\"161\" src=\"https:\/\/ramex.hu\/wp-content\/uploads\/2025\/10\/biolife_plazma.png\" alt=\"\" class=\"wp-image-81\" style=\"object-fit:contain;width:100px;height:50px\" srcset=\"https:\/\/ramex.hu\/wp-content\/uploads\/2025\/10\/biolife_plazma.png 313w, https:\/\/ramex.hu\/wp-content\/uploads\/2025\/10\/biolife_plazma-300x154.png 300w\" sizes=\"auto, (max-width: 313px) 100vw, 313px\" \/><\/figure>\n\n\n\n<p>BioLife Plazmak\u00f6zpont<\/p>\n<\/div>\n\n\n\n<div class=\"wp-block-group is-nowrap is-layout-flex wp-container-core-group-is-layout-6c531013 wp-block-group-is-layout-flex\">\n<figure class=\"wp-block-image size-full is-resized\"><img loading=\"lazy\" decoding=\"async\" width=\"311\" height=\"162\" src=\"https:\/\/ramex.hu\/wp-content\/uploads\/2025\/10\/dental_duett.png\" alt=\"\" class=\"wp-image-82\" style=\"object-fit:contain;width:100px;height:50px\" srcset=\"https:\/\/ramex.hu\/wp-content\/uploads\/2025\/10\/dental_duett.png 311w, https:\/\/ramex.hu\/wp-content\/uploads\/2025\/10\/dental_duett-300x156.png 300w\" sizes=\"auto, (max-width: 311px) 100vw, 311px\" \/><\/figure>\n\n\n\n<p>Dental Duett<\/p>\n<\/div>\n\n\n\n<div class=\"wp-block-group is-nowrap is-layout-flex wp-container-core-group-is-layout-6c531013 wp-block-group-is-layout-flex\">\n<figure class=\"wp-block-image size-full is-resized\"><img loading=\"lazy\" decoding=\"async\" width=\"225\" height=\"225\" src=\"https:\/\/ramex.hu\/wp-content\/uploads\/2025\/10\/ezust_feny_klinika.png\" alt=\"\" class=\"wp-image-83\" style=\"object-fit:contain;width:100px;height:50px\" srcset=\"https:\/\/ramex.hu\/wp-content\/uploads\/2025\/10\/ezust_feny_klinika.png 225w, https:\/\/ramex.hu\/wp-content\/uploads\/2025\/10\/ezust_feny_klinika-150x150.png 150w\" sizes=\"auto, (max-width: 225px) 100vw, 225px\" \/><\/figure>\n\n\n\n<p>Ez\u00fcst F\u00e9ny Klinika<\/p>\n<\/div>\n\n\n\n<div class=\"wp-block-group is-nowrap is-layout-flex wp-container-core-group-is-layout-6c531013 wp-block-group-is-layout-flex\">\n<figure class=\"wp-block-image size-full is-resized\"><img loading=\"lazy\" decoding=\"async\" width=\"199\" height=\"253\" src=\"https:\/\/ramex.hu\/wp-content\/uploads\/2025\/10\/ftc.png\" alt=\"\" class=\"wp-image-84\" style=\"object-fit:contain;width:100px;height:50px\"\/><\/figure>\n\n\n\n<p>MVM Ferencv\u00e1ros Sportcsarnok<\/p>\n<\/div>\n\n\n\n<div class=\"wp-block-group is-nowrap is-layout-flex wp-container-core-group-is-layout-6c531013 wp-block-group-is-layout-flex\">\n<figure class=\"wp-block-image size-full is-resized\"><img loading=\"lazy\" decoding=\"async\" width=\"205\" height=\"246\" src=\"https:\/\/ramex.hu\/wp-content\/uploads\/2025\/10\/hungaroring.png\" alt=\"\" class=\"wp-image-85\" style=\"object-fit:contain;width:100px;height:50px\"\/><\/figure>\n\n\n\n<p>Hungraroring<\/p>\n<\/div>\n\n\n\n<div class=\"wp-block-group is-nowrap is-layout-flex wp-container-core-group-is-layout-6c531013 wp-block-group-is-layout-flex\">\n<figure class=\"wp-block-image size-full is-resized\"><img loading=\"lazy\" decoding=\"async\" width=\"365\" height=\"138\" src=\"https:\/\/ramex.hu\/wp-content\/uploads\/2025\/10\/mosontelecom.jpg\" alt=\"\" class=\"wp-image-86\" style=\"object-fit:contain;width:100px;height:50px\" srcset=\"https:\/\/ramex.hu\/wp-content\/uploads\/2025\/10\/mosontelecom.jpg 365w, https:\/\/ramex.hu\/wp-content\/uploads\/2025\/10\/mosontelecom-300x113.jpg 300w\" sizes=\"auto, (max-width: 365px) 100vw, 365px\" \/><\/figure>\n\n\n\n<p>MosonTelecom System<\/p>\n<\/div>\n\n\n\n<div class=\"wp-block-group is-nowrap is-layout-flex wp-container-core-group-is-layout-6c531013 wp-block-group-is-layout-flex\">\n<figure class=\"wp-block-image size-full is-resized\"><img loading=\"lazy\" decoding=\"async\" width=\"195\" height=\"258\" src=\"https:\/\/ramex.hu\/wp-content\/uploads\/2025\/10\/mta.jpg\" alt=\"\" class=\"wp-image-87\" style=\"object-fit:contain;width:100px;height:50px\"\/><\/figure>\n\n\n\n<p>MTA \u00dcd\u00fcl\u0151k\u00f6zpontok<\/p>\n<\/div>\n\n\n\n<div class=\"wp-block-group is-nowrap is-layout-flex wp-container-core-group-is-layout-6c531013 wp-block-group-is-layout-flex\">\n<figure class=\"wp-block-image size-full is-resized\"><img loading=\"lazy\" decoding=\"async\" width=\"225\" height=\"225\" src=\"https:\/\/ramex.hu\/wp-content\/uploads\/2025\/10\/mtk.jpg\" alt=\"\" class=\"wp-image-88\" style=\"object-fit:contain;width:100px;height:50px\" srcset=\"https:\/\/ramex.hu\/wp-content\/uploads\/2025\/10\/mtk.jpg 225w, https:\/\/ramex.hu\/wp-content\/uploads\/2025\/10\/mtk-150x150.jpg 150w\" sizes=\"auto, (max-width: 225px) 100vw, 225px\" \/><\/figure>\n\n\n\n<p>MTK Sportk\u00f6zpont<\/p>\n<\/div>\n\n\n\n<div class=\"wp-block-group is-nowrap is-layout-flex wp-container-core-group-is-layout-6c531013 wp-block-group-is-layout-flex\">\n<figure class=\"wp-block-image size-full is-resized\"><img loading=\"lazy\" decoding=\"async\" width=\"200\" height=\"192\" src=\"https:\/\/ramex.hu\/wp-content\/uploads\/2025\/10\/reformatus_pulmanologiai_centrum.png\" alt=\"\" class=\"wp-image-89\" style=\"object-fit:contain;width:100px;height:50px\"\/><\/figure>\n\n\n\n<p>Reform\u00e1tus Pulmonol\u00f3giai Centrum <\/p>\n<\/div>\n\n\n\n<div class=\"wp-block-group is-nowrap is-layout-flex wp-container-core-group-is-layout-6c531013 wp-block-group-is-layout-flex\">\n<figure class=\"wp-block-image size-full is-resized\"><img loading=\"lazy\" decoding=\"async\" width=\"225\" height=\"225\" src=\"https:\/\/ramex.hu\/wp-content\/uploads\/2025\/10\/revital_medical.jpg\" alt=\"\" class=\"wp-image-90\" style=\"object-fit:contain;width:100px;height:50px\" srcset=\"https:\/\/ramex.hu\/wp-content\/uploads\/2025\/10\/revital_medical.jpg 225w, https:\/\/ramex.hu\/wp-content\/uploads\/2025\/10\/revital_medical-150x150.jpg 150w\" sizes=\"auto, (max-width: 225px) 100vw, 225px\" \/><\/figure>\n\n\n\n<p>Revital-Medical Center<\/p>\n<\/div>\n\n\n\n<div class=\"wp-block-group is-nowrap is-layout-flex wp-container-core-group-is-layout-6c531013 wp-block-group-is-layout-flex\">\n<figure class=\"wp-block-image size-full is-resized\"><img loading=\"lazy\" decoding=\"async\" width=\"300\" height=\"168\" src=\"https:\/\/ramex.hu\/wp-content\/uploads\/2025\/10\/rossmann.png\" alt=\"\" class=\"wp-image-91\" style=\"object-fit:contain;width:100px;height:50px\"\/><\/figure>\n\n\n\n<p>Rossmann<\/p>\n<\/div>\n\n\n\n<div class=\"wp-block-group is-nowrap is-layout-flex wp-container-core-group-is-layout-6c531013 wp-block-group-is-layout-flex\">\n<figure class=\"wp-block-image size-full is-resized\"><img loading=\"lazy\" decoding=\"async\" width=\"225\" height=\"225\" src=\"https:\/\/ramex.hu\/wp-content\/uploads\/2025\/10\/spar.png\" alt=\"\" class=\"wp-image-92\" style=\"object-fit:contain;width:100px;height:50px\" srcset=\"https:\/\/ramex.hu\/wp-content\/uploads\/2025\/10\/spar.png 225w, https:\/\/ramex.hu\/wp-content\/uploads\/2025\/10\/spar-150x150.png 150w\" sizes=\"auto, (max-width: 225px) 100vw, 225px\" \/><\/figure>\n\n\n\n<p>Spar Magyarorsz\u00e1g<\/p>\n<\/div>\n\n\n\n<div class=\"wp-block-group is-nowrap is-layout-flex wp-container-core-group-is-layout-6c531013 wp-block-group-is-layout-flex\">\n<figure class=\"wp-block-image size-full is-resized\"><img loading=\"lazy\" decoding=\"async\" width=\"300\" height=\"115\" src=\"https:\/\/ramex.hu\/wp-content\/uploads\/2025\/10\/szemernet.png\" alt=\"\" class=\"wp-image-93\" style=\"object-fit:contain;width:100px;height:50px\"\/><\/figure>\n\n\n\n<p>SzemerNet<\/p>\n<\/div>\n\n\n\n<div class=\"wp-block-group is-nowrap is-layout-flex wp-container-core-group-is-layout-6c531013 wp-block-group-is-layout-flex\">\n<figure class=\"wp-block-image size-full is-resized\"><img loading=\"lazy\" decoding=\"async\" width=\"225\" height=\"225\" src=\"https:\/\/ramex.hu\/wp-content\/uploads\/2025\/10\/tesco.png\" alt=\"\" class=\"wp-image-94\" style=\"object-fit:contain;width:100px;height:50px\" srcset=\"https:\/\/ramex.hu\/wp-content\/uploads\/2025\/10\/tesco.png 225w, https:\/\/ramex.hu\/wp-content\/uploads\/2025\/10\/tesco-150x150.png 150w\" sizes=\"auto, (max-width: 225px) 100vw, 225px\" \/><\/figure>\n\n\n\n<p>Tesco Magyarorsz\u00e1g<\/p>\n<\/div>\n\n\n\n<div class=\"wp-block-group is-nowrap is-layout-flex wp-container-core-group-is-layout-6c531013 wp-block-group-is-layout-flex\">\n<figure class=\"wp-block-image size-full is-resized\"><img loading=\"lazy\" decoding=\"async\" width=\"331\" height=\"152\" src=\"https:\/\/ramex.hu\/wp-content\/uploads\/2025\/10\/visual_europe.png\" alt=\"\" class=\"wp-image-95\" style=\"object-fit:contain;width:100px;height:50px\" srcset=\"https:\/\/ramex.hu\/wp-content\/uploads\/2025\/10\/visual_europe.png 331w, https:\/\/ramex.hu\/wp-content\/uploads\/2025\/10\/visual_europe-300x138.png 300w\" sizes=\"auto, (max-width: 331px) 100vw, 331px\" \/><\/figure>\n\n\n\n<p>Visual Europe Group<\/p>\n<\/div>\n\n\n\n<div class=\"wp-block-group is-nowrap is-layout-flex wp-container-core-group-is-layout-6c531013 wp-block-group-is-layout-flex\">\n<figure class=\"wp-block-image size-full is-resized\"><img loading=\"lazy\" decoding=\"async\" width=\"267\" height=\"189\" src=\"https:\/\/ramex.hu\/wp-content\/uploads\/2025\/10\/wavecom.png\" alt=\"\" class=\"wp-image-96\" style=\"object-fit:contain;width:100px;height:50px\"\/><\/figure>\n\n\n\n<p>WaveCom<\/p>\n<\/div>\n\n\n\n<div class=\"wp-block-group is-nowrap is-layout-flex wp-container-core-group-is-layout-6c531013 wp-block-group-is-layout-flex\">\n<figure class=\"wp-block-image size-full is-resized\"><img loading=\"lazy\" decoding=\"async\" width=\"214\" height=\"236\" src=\"https:\/\/ramex.hu\/wp-content\/uploads\/2025\/10\/nagykovacsi.png\" alt=\"\" class=\"wp-image-105\" style=\"object-fit:contain;width:100px;height:50px\"\/><\/figure>\n\n\n\n<p>Nagykov\u00e1csi Polg\u00e1rmesteri Hivatal<\/p>\n<\/div>\n\n\n\n<div class=\"wp-block-group is-nowrap is-layout-flex wp-container-core-group-is-layout-6c531013 wp-block-group-is-layout-flex\">\n<figure class=\"wp-block-image size-full is-resized\"><img loading=\"lazy\" decoding=\"async\" width=\"232\" height=\"218\" src=\"https:\/\/ramex.hu\/wp-content\/uploads\/2025\/10\/danu_travel.png\" alt=\"\" class=\"wp-image-107\" style=\"object-fit:contain;width:100px;height:50px\"\/><\/figure>\n\n\n\n<p>Danu Travel<\/p>\n<\/div>\n\n\n\n<div class=\"wp-block-group is-nowrap is-layout-flex wp-container-core-group-is-layout-6c531013 wp-block-group-is-layout-flex\">\n<figure class=\"wp-block-image size-full is-resized\"><img loading=\"lazy\" decoding=\"async\" width=\"274\" height=\"184\" src=\"https:\/\/ramex.hu\/wp-content\/uploads\/2025\/10\/boxy.png\" alt=\"\" class=\"wp-image-108\" style=\"object-fit:contain;width:100px;height:50px\"\/><\/figure>\n\n\n\n<p>Boxy Logisztika<\/p>\n<\/div>\n\n\n\n<div class=\"wp-block-group is-nowrap is-layout-flex wp-container-core-group-is-layout-6c531013 wp-block-group-is-layout-flex\">\n<figure class=\"wp-block-image size-full is-resized\"><img loading=\"lazy\" decoding=\"async\" width=\"225\" height=\"225\" src=\"https:\/\/ramex.hu\/wp-content\/uploads\/2025\/10\/maia.jpg\" alt=\"\" class=\"wp-image-109\" style=\"object-fit:contain;width:100px;height:50px\" srcset=\"https:\/\/ramex.hu\/wp-content\/uploads\/2025\/10\/maia.jpg 225w, https:\/\/ramex.hu\/wp-content\/uploads\/2025\/10\/maia-150x150.jpg 150w\" sizes=\"auto, (max-width: 225px) 100vw, 225px\" \/><\/figure>\n\n\n\n<p>Maia Mexican Fusion \u00c9tterem<\/p>\n<\/div>\n\n\n\n<div class=\"wp-block-group is-nowrap is-layout-flex wp-container-core-group-is-layout-6c531013 wp-block-group-is-layout-flex\">\n<figure class=\"wp-block-image size-full is-resized\"><img loading=\"lazy\" decoding=\"async\" width=\"189\" height=\"267\" src=\"https:\/\/ramex.hu\/wp-content\/uploads\/2025\/10\/halkikoto.png\" alt=\"\" class=\"wp-image-110\" style=\"object-fit:contain;width:100px;height:50px\"\/><\/figure>\n\n\n\n<p>Halkik\u00f6t\u0151 Hals\u00fct\u00f6de<\/p>\n<\/div>\n\n\n\n<div class=\"wp-block-group is-nowrap is-layout-flex wp-container-core-group-is-layout-6c531013 wp-block-group-is-layout-flex\">\n<figure class=\"wp-block-image size-full is-resized\"><img loading=\"lazy\" decoding=\"async\" width=\"225\" height=\"224\" src=\"https:\/\/ramex.hu\/wp-content\/uploads\/2025\/10\/alsonemedi_se.jpg\" alt=\"\" class=\"wp-image-115\" style=\"object-fit:contain;width:100px;height:50px\" srcset=\"https:\/\/ramex.hu\/wp-content\/uploads\/2025\/10\/alsonemedi_se.jpg 225w, https:\/\/ramex.hu\/wp-content\/uploads\/2025\/10\/alsonemedi_se-150x150.jpg 150w\" sizes=\"auto, (max-width: 225px) 100vw, 225px\" \/><\/figure>\n\n\n\n<p>Als\u00f3n\u00e9medi SE Sportp\u00e1lya<\/p>\n<\/div>\n\n\n\n<div class=\"wp-block-group is-nowrap is-layout-flex wp-container-core-group-is-layout-6c531013 wp-block-group-is-layout-flex\">\n<figure class=\"wp-block-image size-full is-resized\"><img loading=\"lazy\" decoding=\"async\" width=\"225\" height=\"225\" src=\"https:\/\/ramex.hu\/wp-content\/uploads\/2025\/10\/euro_fem.jpg\" alt=\"\" class=\"wp-image-116\" style=\"object-fit:contain;width:100px;height:50px\" srcset=\"https:\/\/ramex.hu\/wp-content\/uploads\/2025\/10\/euro_fem.jpg 225w, https:\/\/ramex.hu\/wp-content\/uploads\/2025\/10\/euro_fem-150x150.jpg 150w\" sizes=\"auto, (max-width: 225px) 100vw, 225px\" \/><\/figure>\n\n\n\n<p>Euro-F\u00e9m<\/p>\n<\/div>\n\n\n\n<div class=\"wp-block-group is-nowrap is-layout-flex wp-container-core-group-is-layout-6c531013 wp-block-group-is-layout-flex\">\n<figure class=\"wp-block-image size-full is-resized\"><img loading=\"lazy\" decoding=\"async\" width=\"225\" height=\"224\" src=\"https:\/\/ramex.hu\/wp-content\/uploads\/2025\/10\/jegtrade.jpg\" alt=\"\" class=\"wp-image-117\" style=\"object-fit:contain;width:100px;height:50px\" srcset=\"https:\/\/ramex.hu\/wp-content\/uploads\/2025\/10\/jegtrade.jpg 225w, https:\/\/ramex.hu\/wp-content\/uploads\/2025\/10\/jegtrade-150x150.jpg 150w\" sizes=\"auto, (max-width: 225px) 100vw, 225px\" \/><\/figure>\n\n\n\n<p>J\u00e9gtrade<\/p>\n<\/div>\n\n\n\n<div class=\"wp-block-group is-nowrap is-layout-flex wp-container-core-group-is-layout-6c531013 wp-block-group-is-layout-flex\">\n<figure class=\"wp-block-image size-full is-resized\"><img loading=\"lazy\" decoding=\"async\" width=\"225\" height=\"225\" src=\"https:\/\/ramex.hu\/wp-content\/uploads\/2025\/10\/vitez_woods.png\" alt=\"\" class=\"wp-image-118\" style=\"object-fit:contain;width:100px;height:50px\" srcset=\"https:\/\/ramex.hu\/wp-content\/uploads\/2025\/10\/vitez_woods.png 225w, https:\/\/ramex.hu\/wp-content\/uploads\/2025\/10\/vitez_woods-150x150.png 150w\" sizes=\"auto, (max-width: 225px) 100vw, 225px\" \/><\/figure>\n\n\n\n<p>Vit\u00e9z Woods<\/p>\n<\/div>\n\n\n\n<div class=\"wp-block-group is-nowrap is-layout-flex wp-container-core-group-is-layout-6c531013 wp-block-group-is-layout-flex\">\n<figure class=\"wp-block-image size-full is-resized\"><img loading=\"lazy\" decoding=\"async\" width=\"168\" height=\"139\" src=\"https:\/\/ramex.hu\/wp-content\/uploads\/2025\/10\/rondo.jpg\" alt=\"\" class=\"wp-image-119\" style=\"object-fit:contain;width:100px;height:50px\"\/><\/figure>\n\n\n\n<p>Rondo Hull\u00e1mkarton<\/p>\n<\/div>\n\n\n\n<div class=\"wp-block-group is-nowrap is-layout-flex wp-container-core-group-is-layout-6c531013 wp-block-group-is-layout-flex\">\n<figure class=\"wp-block-image size-full is-resized\"><img loading=\"lazy\" decoding=\"async\" width=\"225\" height=\"225\" src=\"https:\/\/ramex.hu\/wp-content\/uploads\/2025\/10\/rakosmente.jpg\" alt=\"\" class=\"wp-image-120\" style=\"object-fit:contain;width:100px;height:50px\" srcset=\"https:\/\/ramex.hu\/wp-content\/uploads\/2025\/10\/rakosmente.jpg 225w, https:\/\/ramex.hu\/wp-content\/uploads\/2025\/10\/rakosmente-150x150.jpg 150w\" sizes=\"auto, (max-width: 225px) 100vw, 225px\" \/><\/figure>\n\n\n\n<p>R\u00e1kosmente V\u00e1rosfejleszt\u00e9s<\/p>\n<\/div>\n\n\n\n<div class=\"wp-block-group is-nowrap is-layout-flex wp-container-core-group-is-layout-6c531013 wp-block-group-is-layout-flex\">\n<figure class=\"wp-block-image size-full is-resized\"><img loading=\"lazy\" decoding=\"async\" width=\"189\" height=\"267\" src=\"https:\/\/ramex.hu\/wp-content\/uploads\/2025\/10\/rantotthus_kiraly.jpg\" alt=\"\" class=\"wp-image-121\" style=\"object-fit:contain;width:100px;height:50px\"\/><\/figure>\n\n\n\n<p>R\u00e1ntotth\u00fas kir\u00e1ly<\/p>\n<\/div>\n\n\n\n<div class=\"wp-block-group is-nowrap is-layout-flex wp-container-core-group-is-layout-6c531013 wp-block-group-is-layout-flex\">\n<figure class=\"wp-block-image size-full is-resized\"><img loading=\"lazy\" decoding=\"async\" width=\"225\" height=\"225\" src=\"https:\/\/ramex.hu\/wp-content\/uploads\/2025\/10\/tripla_hofmann.jpg\" alt=\"\" class=\"wp-image-122\" style=\"object-fit:contain;width:100px;height:50px\" srcset=\"https:\/\/ramex.hu\/wp-content\/uploads\/2025\/10\/tripla_hofmann.jpg 225w, https:\/\/ramex.hu\/wp-content\/uploads\/2025\/10\/tripla_hofmann-150x150.jpg 150w\" sizes=\"auto, (max-width: 225px) 100vw, 225px\" \/><\/figure>\n\n\n\n<p>Tripla Hofmann S\u00f6rb\u00e1r<\/p>\n<\/div>\n\n\n\n<div class=\"wp-block-group is-nowrap is-layout-flex wp-container-core-group-is-layout-6c531013 wp-block-group-is-layout-flex\">\n<figure class=\"wp-block-image size-full is-resized\"><img loading=\"lazy\" decoding=\"async\" width=\"324\" height=\"155\" src=\"https:\/\/ramex.hu\/wp-content\/uploads\/2025\/10\/b_n_referencia.png\" alt=\"\" class=\"wp-image-123\" style=\"object-fit:contain;width:100px;height:50px\" srcset=\"https:\/\/ramex.hu\/wp-content\/uploads\/2025\/10\/b_n_referencia.png 324w, https:\/\/ramex.hu\/wp-content\/uploads\/2025\/10\/b_n_referencia-300x144.png 300w\" sizes=\"auto, (max-width: 324px) 100vw, 324px\" \/><\/figure>\n\n\n\n<p>B+N Referencia<\/p>\n<\/div>\n\n\n\n<div class=\"wp-block-group is-nowrap is-layout-flex wp-container-core-group-is-layout-6c531013 wp-block-group-is-layout-flex\">\n<figure class=\"wp-block-image size-full is-resized\"><img loading=\"lazy\" decoding=\"async\" width=\"225\" height=\"225\" src=\"https:\/\/ramex.hu\/wp-content\/uploads\/2025\/10\/prizma_fm.png\" alt=\"\" class=\"wp-image-124\" style=\"object-fit:contain;width:100px;height:50px\" srcset=\"https:\/\/ramex.hu\/wp-content\/uploads\/2025\/10\/prizma_fm.png 225w, https:\/\/ramex.hu\/wp-content\/uploads\/2025\/10\/prizma_fm-150x150.png 150w\" sizes=\"auto, (max-width: 225px) 100vw, 225px\" \/><\/figure>\n\n\n\n<p>Prizma FM<\/p>\n<\/div>\n\n\n\n<div class=\"wp-block-group is-nowrap is-layout-flex wp-container-core-group-is-layout-6c531013 wp-block-group-is-layout-flex\">\n<figure class=\"wp-block-image size-full is-resized\"><img loading=\"lazy\" decoding=\"async\" width=\"150\" height=\"75\" src=\"https:\/\/ramex.hu\/wp-content\/uploads\/2025\/10\/ht_tartaly.jpg\" alt=\"\" class=\"wp-image-125\" style=\"object-fit:contain;width:100px;height:50px\"\/><\/figure>\n\n\n\n<p>H-T Tart\u00e1lytechnika<\/p>\n<\/div>\n\n\n\n<div class=\"wp-block-group is-nowrap is-layout-flex wp-container-core-group-is-layout-6c531013 wp-block-group-is-layout-flex\">\n<figure class=\"wp-block-image size-full is-resized\"><img loading=\"lazy\" decoding=\"async\" width=\"225\" height=\"225\" src=\"https:\/\/ramex.hu\/wp-content\/uploads\/2025\/10\/ksknet.png\" alt=\"\" class=\"wp-image-126\" style=\"object-fit:contain;width:100px;height:50px\" srcset=\"https:\/\/ramex.hu\/wp-content\/uploads\/2025\/10\/ksknet.png 225w, https:\/\/ramex.hu\/wp-content\/uploads\/2025\/10\/ksknet-150x150.png 150w\" sizes=\"auto, (max-width: 225px) 100vw, 225px\" \/><\/figure>\n\n\n\n<p>KSKNet<\/p>\n<\/div>\n\n\n\n<div class=\"wp-block-group is-nowrap is-layout-flex wp-container-core-group-is-layout-6c531013 wp-block-group-is-layout-flex\">\n<figure class=\"wp-block-image size-full is-resized\"><img loading=\"lazy\" decoding=\"async\" width=\"254\" height=\"76\" src=\"https:\/\/ramex.hu\/wp-content\/uploads\/2025\/10\/ot_villgep.png\" alt=\"\" class=\"wp-image-127\" style=\"object-fit:contain;width:100px;height:50px\"\/><\/figure>\n\n\n\n<p>\u00d6t-Villg\u00e9p<\/p>\n<\/div>\n\n\n\n<p><\/p>\n","protected":false},"excerpt":{"rendered":"<p>Abacus Medicine Hungary Ambr\u00f3zia Hotel Auchan Magyarorsz\u00e1g Hotel Aurum Bergmann K\u00f6nyvel\u0151 Iroda BioLife Plazmak\u00f6zpont Dental Duett Ez\u00fcst F\u00e9ny Klinika MVM Ferencv\u00e1ros Sportcsarnok Hungraroring MosonTelecom System MTA \u00dcd\u00fcl\u0151k\u00f6zpontok MTK Sportk\u00f6zpont Reform\u00e1tus Pulmonol\u00f3giai Centrum Revital-Medical Center Rossmann Spar Magyarorsz\u00e1g SzemerNet Tesco Magyarorsz\u00e1g Visual Europe Group WaveCom Nagykov\u00e1csi Polg\u00e1rmesteri Hivatal Danu Travel Boxy Logisztika Maia Mexican Fusion \u00c9tterem [&hellip;]<\/p>\n","protected":false},"author":1,"featured_media":0,"parent":0,"menu_order":0,"comment_status":"closed","ping_status":"closed","template":"","meta":{"footnotes":""},"class_list":["post-26","page","type-page","status-publish","hentry"],"_links":{"self":[{"href":"https:\/\/ramex.hu\/index.php\/wp-json\/wp\/v2\/pages\/26","targetHints":{"allow":["GET"]}}],"collection":[{"href":"https:\/\/ramex.hu\/index.php\/wp-json\/wp\/v2\/pages"}],"about":[{"href":"https:\/\/ramex.hu\/index.php\/wp-json\/wp\/v2\/types\/page"}],"author":[{"embeddable":true,"href":"https:\/\/ramex.hu\/index.php\/wp-json\/wp\/v2\/users\/1"}],"replies":[{"embeddable":true,"href":"https:\/\/ramex.hu\/index.php\/wp-json\/wp\/v2\/comments?post=26"}],"version-history":[{"count":8,"href":"https:\/\/ramex.hu\/index.php\/wp-json\/wp\/v2\/pages\/26\/revisions"}],"predecessor-version":[{"id":128,"href":"https:\/\/ramex.hu\/index.php\/wp-json\/wp\/v2\/pages\/26\/revisions\/128"}],"wp:attachment":[{"href":"https:\/\/ramex.hu\/index.php\/wp-json\/wp\/v2\/media?parent=26"}],"curies":[{"name":"wp","href":"https:\/\/api.w.org\/{rel}","templated":true}]}}